{"id":3357,"date":"2022-11-30T16:42:56","date_gmt":"2022-11-30T16:42:56","guid":{"rendered":"https:\/\/kulkao.com\/?page_id=3357"},"modified":"2022-12-02T16:22:45","modified_gmt":"2022-12-02T16:22:45","slug":"servicios","status":"publish","type":"page","link":"https:\/\/kulkao.com\/?page_id=3357","title":{"rendered":"Servicios"},"content":{"rendered":"\t\t<div data-elementor-type=\"wp-page\" data-elementor-id=\"3357\" class=\"elementor elementor-3357\">\n\t\t\t\t\t\t\t\t\t<section class=\"elementor-section elementor-top-section elementor-element elementor-element-d823237 elementor-section-boxed elementor-section-height-default elementor-section-height-default\" data-id=\"d823237\" data-element_type=\"section\">\n\t\t\t\t\t\t<div class=\"elementor-container elementor-column-gap-default\">\n\t\t\t\t\t<div class=\"elementor-column elementor-col-100 elementor-top-column elementor-element elementor-element-aa45494\" data-id=\"aa45494\" data-element_type=\"column\">\n\t\t\t<div class=\"elementor-widget-wrap elementor-element-populated\">\n\t\t\t\t\t\t\t\t<div class=\"elementor-element elementor-element-a876cbb elementor-widget elementor-widget-image\" data-id=\"a876cbb\" data-element_type=\"widget\" data-widget_type=\"image.default\">\n\t\t\t\t<div class=\"elementor-widget-container\">\n\t\t\t\t\t\t\t\t\t\t\t\t\t\t\t<img loading=\"lazy\" decoding=\"async\" width=\"1024\" height=\"306\" src=\"https:\/\/kulkao.com\/wp-content\/uploads\/2022\/11\/banner-privada-ESP-1024x306.png\" class=\"attachment-large size-large wp-image-3363\" alt=\"\" srcset=\"https:\/\/kulkao.com\/wp-content\/uploads\/2022\/11\/banner-privada-ESP-1024x306.png 1024w, https:\/\/kulkao.com\/wp-content\/uploads\/2022\/11\/banner-privada-ESP-300x90.png 300w, https:\/\/kulkao.com\/wp-content\/uploads\/2022\/11\/banner-privada-ESP-768x230.png 768w, https:\/\/kulkao.com\/wp-content\/uploads\/2022\/11\/banner-privada-ESP-1536x460.png 1536w, https:\/\/kulkao.com\/wp-content\/uploads\/2022\/11\/banner-privada-ESP-2048x613.png 2048w\" sizes=\"auto, (max-width: 1024px) 100vw, 1024px\" \/>\t\t\t\t\t\t\t\t\t\t\t\t\t\t\t<\/div>\n\t\t\t\t<\/div>\n\t\t\t\t\t<\/div>\n\t\t<\/div>\n\t\t\t\t\t\t\t<\/div>\n\t\t<\/section>\n\t\t\t\t<section class=\"elementor-section elementor-top-section elementor-element elementor-element-19344b0 elementor-section-boxed elementor-section-height-default elementor-section-height-default\" data-id=\"19344b0\" data-element_type=\"section\">\n\t\t\t\t\t\t<div class=\"elementor-container elementor-column-gap-default\">\n\t\t\t\t\t<div class=\"elementor-column elementor-col-100 elementor-top-column elementor-element elementor-element-f267e2c\" data-id=\"f267e2c\" data-element_type=\"column\">\n\t\t\t<div class=\"elementor-widget-wrap elementor-element-populated\">\n\t\t\t\t\t\t\t\t<div class=\"elementor-element elementor-element-05045fd elementor-widget elementor-widget-text-editor\" data-id=\"05045fd\" data-element_type=\"widget\" data-widget_type=\"text-editor.default\">\n\t\t\t\t<div class=\"elementor-widget-container\">\n\t\t\t\t\t\t\t<p class=\"p1\">Confiando en nuestros productos y est\u00e1ndares de calidad, <span style=\"font-style: inherit; font-weight: inherit;\">ponemos a disposici\u00f3n nuestras recetas as\u00ed como tambi\u00e9n el\u00a0<\/span><span style=\"font-style: inherit; font-weight: inherit;\">servicio de desarrollo de nuevos productos para nuestros\u00a0<\/span><span style=\"font-style: inherit; font-weight: inherit;\">clientes.<\/span><\/p><p class=\"p1\"><span style=\"font-style: inherit; font-weight: inherit;\">\u00a0Nosotros proveemos todo lo necesario para que tu\u00a0<\/span><span style=\"font-style: inherit; font-weight: inherit;\">marca se haga realidad.<\/span><\/p>\t\t\t\t\t\t<\/div>\n\t\t\t\t<\/div>\n\t\t\t\t\t<\/div>\n\t\t<\/div>\n\t\t\t\t\t\t\t<\/div>\n\t\t<\/section>\n\t\t\t\t<section class=\"elementor-section elementor-top-section elementor-element elementor-element-4e9de71 elementor-section-boxed elementor-section-height-default elementor-section-height-default\" data-id=\"4e9de71\" data-element_type=\"section\">\n\t\t\t\t\t\t<div class=\"elementor-container elementor-column-gap-default\">\n\t\t\t\t\t<div class=\"elementor-column elementor-col-100 elementor-top-column elementor-element elementor-element-7bae832\" data-id=\"7bae832\" data-element_type=\"column\">\n\t\t\t<div class=\"elementor-widget-wrap elementor-element-populated\">\n\t\t\t\t\t\t\t\t<div class=\"elementor-element elementor-element-f1aa57d elementor-widget elementor-widget-image\" data-id=\"f1aa57d\" data-element_type=\"widget\" data-widget_type=\"image.default\">\n\t\t\t\t<div class=\"elementor-widget-container\">\n\t\t\t\t\t\t\t\t\t\t\t\t\t\t\t<img loading=\"lazy\" decoding=\"async\" width=\"1024\" height=\"306\" src=\"https:\/\/kulkao.com\/wp-content\/uploads\/2022\/11\/banner-maquila_-1024x306.jpg\" class=\"attachment-large size-large wp-image-3364\" alt=\"\" srcset=\"https:\/\/kulkao.com\/wp-content\/uploads\/2022\/11\/banner-maquila_-1024x306.jpg 1024w, https:\/\/kulkao.com\/wp-content\/uploads\/2022\/11\/banner-maquila_-300x90.jpg 300w, https:\/\/kulkao.com\/wp-content\/uploads\/2022\/11\/banner-maquila_-768x230.jpg 768w, https:\/\/kulkao.com\/wp-content\/uploads\/2022\/11\/banner-maquila_-1536x460.jpg 1536w, https:\/\/kulkao.com\/wp-content\/uploads\/2022\/11\/banner-maquila_-2048x613.jpg 2048w\" sizes=\"auto, (max-width: 1024px) 100vw, 1024px\" \/>\t\t\t\t\t\t\t\t\t\t\t\t\t\t\t<\/div>\n\t\t\t\t<\/div>\n\t\t\t\t\t<\/div>\n\t\t<\/div>\n\t\t\t\t\t\t\t<\/div>\n\t\t<\/section>\n\t\t\t\t<section class=\"elementor-section elementor-top-section elementor-element elementor-element-e08f04b elementor-section-boxed elementor-section-height-default elementor-section-height-default\" data-id=\"e08f04b\" data-element_type=\"section\">\n\t\t\t\t\t\t<div class=\"elementor-container elementor-column-gap-default\">\n\t\t\t\t\t<div class=\"elementor-column elementor-col-100 elementor-top-column elementor-element elementor-element-1be76ab\" data-id=\"1be76ab\" data-element_type=\"column\">\n\t\t\t<div class=\"elementor-widget-wrap elementor-element-populated\">\n\t\t\t\t\t\t\t\t<div class=\"elementor-element elementor-element-cf82059 elementor-widget elementor-widget-text-editor\" data-id=\"cf82059\" data-element_type=\"widget\" data-widget_type=\"text-editor.default\">\n\t\t\t\t<div class=\"elementor-widget-container\">\n\t\t\t\t\t\t\t<p class=\"p1\">Brindamos servicios de maquila de chocolates y derivados de cacao, as\u00ed como tambi\u00e9n cobertura para chocolater\u00eda fina.<\/p><p class=\"p1\">Nuestras maquilas son producidas con la misma calidad y cuidado que ponemos en la elaboraci\u00f3n de nuestros productos.<\/p><p class=\"p1\">Y nuestros clientes pueden dar F\u00e9 de esto.\u00a0<\/p>\t\t\t\t\t\t<\/div>\n\t\t\t\t<\/div>\n\t\t\t\t\t<\/div>\n\t\t<\/div>\n\t\t\t\t\t\t\t<\/div>\n\t\t<\/section>\n\t\t\t\t<section class=\"elementor-section elementor-top-section elementor-element elementor-element-822a7a4 elementor-section-boxed elementor-section-height-default elementor-section-height-default\" data-id=\"822a7a4\" data-element_type=\"section\">\n\t\t\t\t\t\t<div class=\"elementor-container elementor-column-gap-default\">\n\t\t\t\t\t<div class=\"elementor-column elementor-col-100 elementor-top-column elementor-element elementor-element-34873de\" data-id=\"34873de\" data-element_type=\"column\">\n\t\t\t<div class=\"elementor-widget-wrap elementor-element-populated\">\n\t\t\t\t\t\t\t\t<div class=\"elementor-element elementor-element-277de52 elementor-widget elementor-widget-text-editor\" data-id=\"277de52\" data-element_type=\"widget\" data-widget_type=\"text-editor.default\">\n\t\t\t\t<div class=\"elementor-widget-container\">\n\t\t\t\t\t\t\t\t\t\t\t\t\t<\/div>\n\t\t\t\t<\/div>\n\t\t\t\t\t<\/div>\n\t\t<\/div>\n\t\t\t\t\t\t\t<\/div>\n\t\t<\/section>\n\t\t\t\t\t\t\t<\/div>\n\t\t","protected":false},"excerpt":{"rendered":"<p>Confiando en nuestros productos y est\u00e1ndares de calidad, ponemos a disposici\u00f3n nuestras recetas as\u00ed como tambi\u00e9n el\u00a0servicio de desarrollo de nuevos productos para nuestros\u00a0clientes. \u00a0Nosotros proveemos todo lo necesario para que tu\u00a0marca se haga realidad. Brindamos servicios de maquila de chocolates y derivados de cacao, as\u00ed como tambi\u00e9n cobertura para chocolater\u00eda fina. Nuestras maquilas son [&hellip;]<\/p>\n","protected":false},"author":1,"featured_media":0,"parent":0,"menu_order":0,"comment_status":"closed","ping_status":"closed","template":"","meta":{"_eb_attr":"","site-sidebar-layout":"no-sidebar","site-content-layout":"page-builder","ast-site-content-layout":"default","site-content-style":"default","site-sidebar-style":"default","ast-global-header-display":"","ast-banner-title-visibility":"","ast-main-header-display":"","ast-hfb-above-header-display":"","ast-hfb-below-header-display":"","ast-hfb-mobile-header-display":"","site-post-title":"disabled","ast-breadcrumbs-content":"","ast-featured-img":"disabled","footer-sml-layout":"","theme-transparent-header-meta":"","adv-header-id-meta":"","stick-header-meta":"","header-above-stick-meta":"","header-main-stick-meta":"","header-below-stick-meta":"","astra-migrate-meta-layouts":"default","ast-page-background-enabled":"default","ast-page-background-meta":{"desktop":{"background-color":"","background-image":"","background-repeat":"repeat","background-position":"center center","background-size":"auto","background-attachment":"scroll","background-type":"","background-media":"","overlay-type":"","overlay-color":"","overlay-opacity":"","overlay-gradient":""},"tablet":{"background-color":"","background-image":"","background-repeat":"repeat","background-position":"center center","background-size":"auto","background-attachment":"scroll","background-type":"","background-media":"","overlay-type":"","overlay-color":"","overlay-opacity":"","overlay-gradient":""},"mobile":{"background-color":"","background-image":"","background-repeat":"repeat","background-position":"center center","background-size":"auto","background-attachment":"scroll","background-type":"","background-media":"","overlay-type":"","overlay-color":"","overlay-opacity":"","overlay-gradient":""}},"ast-content-background-meta":{"desktop":{"background-color":"var(--ast-global-color-5)","background-image":"","background-repeat":"repeat","background-position":"center center","background-size":"auto","background-attachment":"scroll","background-type":"","background-media":"","overlay-type":"","overlay-color":"","overlay-opacity":"","overlay-gradient":""},"tablet":{"background-color":"var(--ast-global-color-5)","background-image":"","background-repeat":"repeat","background-position":"center center","background-size":"auto","background-attachment":"scroll","background-type":"","background-media":"","overlay-type":"","overlay-color":"","overlay-opacity":"","overlay-gradient":""},"mobile":{"background-color":"var(--ast-global-color-5)","background-image":"","background-repeat":"repeat","background-position":"center center","background-size":"auto","background-attachment":"scroll","background-type":"","background-media":"","overlay-type":"","overlay-color":"","overlay-opacity":"","overlay-gradient":""}},"footnotes":""},"class_list":["post-3357","page","type-page","status-publish","hentry"],"_links":{"self":[{"href":"https:\/\/kulkao.com\/index.php?rest_route=\/wp\/v2\/pages\/3357","targetHints":{"allow":["GET"]}}],"collection":[{"href":"https:\/\/kulkao.com\/index.php?rest_route=\/wp\/v2\/pages"}],"about":[{"href":"https:\/\/kulkao.com\/index.php?rest_route=\/wp\/v2\/types\/page"}],"author":[{"embeddable":true,"href":"https:\/\/kulkao.com\/index.php?rest_route=\/wp\/v2\/users\/1"}],"replies":[{"embeddable":true,"href":"https:\/\/kulkao.com\/index.php?rest_route=%2Fwp%2Fv2%2Fcomments&post=3357"}],"version-history":[{"count":10,"href":"https:\/\/kulkao.com\/index.php?rest_route=\/wp\/v2\/pages\/3357\/revisions"}],"predecessor-version":[{"id":3392,"href":"https:\/\/kulkao.com\/index.php?rest_route=\/wp\/v2\/pages\/3357\/revisions\/3392"}],"wp:attachment":[{"href":"https:\/\/kulkao.com\/index.php?rest_route=%2Fwp%2Fv2%2Fmedia&parent=3357"}],"curies":[{"name":"wp","href":"https:\/\/api.w.org\/{rel}","templated":true}]}}